{"id":60,"date":"2025-10-08T09:26:50","date_gmt":"2025-10-08T09:26:50","guid":{"rendered":"https:\/\/laselectatgn.es\/?page_id=60"},"modified":"2025-10-10T08:03:36","modified_gmt":"2025-10-10T08:03:36","slug":"qui-som-2","status":"publish","type":"page","link":"https:\/\/laselectatgn.es\/?page_id=60","title":{"rendered":"Qui som?"},"content":{"rendered":"\n<div class=\"wp-block-columns is-layout-flex wp-container-core-columns-is-layout-28f84493 wp-block-columns-is-layout-flex\">\n<div class=\"wp-block-column is-layout-flow wp-block-column-is-layout-flow\" style=\"flex-basis:33.33%\">\n<figure class=\"wp-block-image size-large is-resized\"><img loading=\"lazy\" decoding=\"async\" width=\"1024\" height=\"1024\" src=\"https:\/\/laselectatgn.es\/wp-content\/uploads\/2025\/10\/3-2-1024x1024.png\" alt=\"\" class=\"wp-image-88\" style=\"width:261px;height:auto\" srcset=\"https:\/\/laselectatgn.es\/wp-content\/uploads\/2025\/10\/3-2-1024x1024.png 1024w, https:\/\/laselectatgn.es\/wp-content\/uploads\/2025\/10\/3-2-300x300.png 300w, https:\/\/laselectatgn.es\/wp-content\/uploads\/2025\/10\/3-2-150x150.png 150w, https:\/\/laselectatgn.es\/wp-content\/uploads\/2025\/10\/3-2-768x768.png 768w, https:\/\/laselectatgn.es\/wp-content\/uploads\/2025\/10\/3-2.png 1181w\" sizes=\"auto, (max-width: 1024px) 100vw, 1024px\" \/><\/figure>\n<\/div>\n\n\n\n<div class=\"wp-block-column is-layout-flow wp-block-column-is-layout-flow\"><\/div>\n\n\n\n<div class=\"wp-block-column is-layout-flow wp-block-column-is-layout-flow\"><\/div>\n\n\n\n<div class=\"wp-block-column is-vertically-aligned-center is-layout-flow wp-block-column-is-layout-flow\" style=\"flex-basis:66.66%\">\n<p>A <strong>La Selecta<\/strong> portem oferint els millors productes c\u00e0rnics i plats preparats des de <strong>1961<\/strong>, al cor del <strong>Mercat Central de Tarragona<\/strong>. Durant m\u00e9s de sis d\u00e8cades, la nostra passi\u00f3 per la qualitat i la tradici\u00f3 ens ha convertit en un referent per a tots aquells que busquen un <strong>tracte proper i productes de confian\u00e7a<\/strong>. El nostre obrador, ubicat a Bonavista, ens permet elaborar amb dedicaci\u00f3 tot el que trobar\u00e0s a la nostra parada, garantint frescor i sabor en cada producte.<\/p>\n<\/div>\n<\/div>\n\n\n\n<p><\/p>\n\n\n\n<div class=\"wp-block-columns is-layout-flex wp-container-core-columns-is-layout-28f84493 wp-block-columns-is-layout-flex\">\n<div class=\"wp-block-column is-layout-flow wp-block-column-is-layout-flow\" style=\"flex-basis:66.66%\">\n<p><\/p>\n\n\n\n<p class=\"has-text-align-right\">Despr\u00e9s de molts anys al capdavant de La Selecta, els antics propietaris van decidir traspassar la parada, confiant el llegat familiar a <strong>Jes\u00fas<\/strong> <strong>Tarifa<\/strong> , el nou propietari. Amb joventut, entusiasme i innovaci\u00f3, Jes\u00fas est\u00e0 comprom\u00e8s a mantenir l\u2019ess\u00e8ncia que ha definit sempre a La Selecta: <strong>tradici\u00f3, producte i confian\u00e7a<\/strong>. L\u2019objectiu \u00e9s seguir oferint la mateixa qualitat de sempre, adaptant-nos als canvis i a les noves tend\u00e8ncies sense perdre la identitat<\/p>\n<\/div>\n\n\n\n<div class=\"wp-block-column is-layout-flow wp-block-column-is-layout-flow\"><\/div>\n\n\n\n<div class=\"wp-block-column is-layout-flow wp-block-column-is-layout-flow\"><\/div>\n\n\n\n<div class=\"wp-block-column is-layout-flow wp-block-column-is-layout-flow\" style=\"flex-basis:33.33%\">\n<figure class=\"wp-block-image size-full is-resized\"><img loading=\"lazy\" decoding=\"async\" width=\"1033\" height=\"1033\" src=\"https:\/\/laselectatgn.es\/wp-content\/uploads\/2025\/10\/Diseno-sin-titulo-1.png\" alt=\"\" class=\"wp-image-111\" style=\"width:253px;height:auto\" srcset=\"https:\/\/laselectatgn.es\/wp-content\/uploads\/2025\/10\/Diseno-sin-titulo-1.png 1033w, https:\/\/laselectatgn.es\/wp-content\/uploads\/2025\/10\/Diseno-sin-titulo-1-300x300.png 300w, https:\/\/laselectatgn.es\/wp-content\/uploads\/2025\/10\/Diseno-sin-titulo-1-1024x1024.png 1024w, https:\/\/laselectatgn.es\/wp-content\/uploads\/2025\/10\/Diseno-sin-titulo-1-150x150.png 150w, https:\/\/laselectatgn.es\/wp-content\/uploads\/2025\/10\/Diseno-sin-titulo-1-768x768.png 768w\" sizes=\"auto, (max-width: 1033px) 100vw, 1033px\" \/><\/figure>\n<\/div>\n<\/div>\n\n\n\n<p><\/p>\n\n\n\n<p><\/p>\n\n\n\n<div class=\"wp-block-columns is-layout-flex wp-container-core-columns-is-layout-28f84493 wp-block-columns-is-layout-flex\">\n<div class=\"wp-block-column is-layout-flow wp-block-column-is-layout-flow\" style=\"flex-basis:33.33%\">\n<div class=\"wp-block-columns is-layout-flex wp-container-core-columns-is-layout-28f84493 wp-block-columns-is-layout-flex\">\n<div class=\"wp-block-column is-layout-flow wp-block-column-is-layout-flow\">\n<figure class=\"wp-block-image size-large is-resized\"><img loading=\"lazy\" decoding=\"async\" width=\"1024\" height=\"1024\" src=\"https:\/\/laselectatgn.es\/wp-content\/uploads\/2025\/10\/5-1024x1024.png\" alt=\"\" class=\"wp-image-89\" style=\"width:244px;height:auto\" srcset=\"https:\/\/laselectatgn.es\/wp-content\/uploads\/2025\/10\/5-1024x1024.png 1024w, https:\/\/laselectatgn.es\/wp-content\/uploads\/2025\/10\/5-300x300.png 300w, https:\/\/laselectatgn.es\/wp-content\/uploads\/2025\/10\/5-150x150.png 150w, https:\/\/laselectatgn.es\/wp-content\/uploads\/2025\/10\/5-768x768.png 768w, https:\/\/laselectatgn.es\/wp-content\/uploads\/2025\/10\/5.png 1033w\" sizes=\"auto, (max-width: 1024px) 100vw, 1024px\" \/><\/figure>\n<\/div>\n<\/div>\n<\/div>\n\n\n\n<div class=\"wp-block-column is-layout-flow wp-block-column-is-layout-flow\"><\/div>\n\n\n\n<div class=\"wp-block-column is-layout-flow wp-block-column-is-layout-flow\"><\/div>\n\n\n\n<div class=\"wp-block-column is-vertically-aligned-center is-layout-flow wp-block-column-is-layout-flow\" style=\"flex-basis:66.66%\">\n<p>Som molt m\u00e9s que una carnisseria: som un espai on <strong>tradici\u00f3 i modernitat es troben<\/strong>, oferint productes elaborats amb cura i experi\u00e8ncia, i un tracte proper que fa que cada client se senti com a casa. A La Selecta, cuidem cada detall.<\/p>\n<\/div>\n<\/div>\n\n\n\n<p><\/p>\n","protected":false},"excerpt":{"rendered":"<p>A La Selecta portem oferint els millors productes c\u00e0rnics i plats preparats des de 1961, al cor del Mercat Central de Tarragona. Durant m\u00e9s de sis d\u00e8cades, la nostra passi\u00f3 per la qualitat i la tradici\u00f3 ens ha convertit en un referent per a tots aquells que busquen un tracte [&hellip;]<\/p>\n","protected":false},"author":1,"featured_media":0,"parent":0,"menu_order":0,"comment_status":"closed","ping_status":"closed","template":"","meta":{"footnotes":""},"class_list":["post-60","page","type-page","status-publish","hentry"],"_links":{"self":[{"href":"https:\/\/laselectatgn.es\/index.php?rest_route=\/wp\/v2\/pages\/60","targetHints":{"allow":["GET"]}}],"collection":[{"href":"https:\/\/laselectatgn.es\/index.php?rest_route=\/wp\/v2\/pages"}],"about":[{"href":"https:\/\/laselectatgn.es\/index.php?rest_route=\/wp\/v2\/types\/page"}],"author":[{"embeddable":true,"href":"https:\/\/laselectatgn.es\/index.php?rest_route=\/wp\/v2\/users\/1"}],"replies":[{"embeddable":true,"href":"https:\/\/laselectatgn.es\/index.php?rest_route=%2Fwp%2Fv2%2Fcomments&post=60"}],"version-history":[{"count":15,"href":"https:\/\/laselectatgn.es\/index.php?rest_route=\/wp\/v2\/pages\/60\/revisions"}],"predecessor-version":[{"id":121,"href":"https:\/\/laselectatgn.es\/index.php?rest_route=\/wp\/v2\/pages\/60\/revisions\/121"}],"wp:attachment":[{"href":"https:\/\/laselectatgn.es\/index.php?rest_route=%2Fwp%2Fv2%2Fmedia&parent=60"}],"curies":[{"name":"wp","href":"https:\/\/api.w.org\/{rel}","templated":true}]}}